{"id":12,"date":"2026-02-11T17:48:54","date_gmt":"2026-02-11T17:48:54","guid":{"rendered":"https:\/\/fisiosteocr.com\/?page_id=12"},"modified":"2026-03-03T18:44:25","modified_gmt":"2026-03-03T18:44:25","slug":"contactenos","status":"publish","type":"page","link":"https:\/\/fisiosteocr.com\/index.php\/contactenos\/","title":{"rendered":"Cont\u00e1ctenos"},"content":{"rendered":"<p data-start=\"100\" data-end=\"358\">\ud83d\udd39 <strong data-start=\"103\" data-end=\"150\">Osteopat\u00eda y Fisioterapia en Rehabilitaci\u00f3n<\/strong><br data-start=\"150\" data-end=\"153\" \/>Recupere su bienestar y mejore su calidad de vida con tratamientos personalizados.<br data-start=\"235\" data-end=\"238\" \/>Atendemos dolores musculares, lesiones deportivas, problemas de espalda, nervio ci\u00e1tico y rehabilitaci\u00f3n postquir\u00fargica.<\/p>\n<p data-start=\"360\" data-end=\"434\">\ud83d\udcaa Atenci\u00f3n profesional y enfoque integral.<br data-start=\"403\" data-end=\"406\" \/>\ud83d\udcc5 Agende su cita hoy mismo.<\/p>\n<div dir=\"auto\">Dra. Paola Picado Leit\u00f3n<\/div>\n<div dir=\"auto\">Oste\u00f3pata y Fisioterapeuta<\/div>\n<div dir=\"auto\"><span class=\"html-span xdj266r x14z9mp xat24cr x1lziwak xexx8yu xyri2b x18d9i69 x1c1uobl x1hl2dhg x16tdsg8 x1vvkbs\"><a class=\"x1i10hfl xjbqb8w x1ejq31n x18oe1m7 x1sy0etr xstzfhl x972fbf x10w94by x1qhh985 x14e42zd x9f619 x1ypdohk xt0psk2 x3ct3a4 xdj266r x14z9mp xat24cr x1lziwak xexx8yu xyri2b x18d9i69 x1c1uobl x16tdsg8 x1hl2dhg xggy1nq x1a2a7pz xkrqix3 x1sur9pj x1fey0fg x1s688f\" tabindex=\"0\" role=\"link\" href=\"https:\/\/wa.me\/83150102?fbclid=IwZXh0bgNhZW0CMTAAYnJpZBExcnF5bDFWNVlsRXVPQjZ5S3NydGMGYXBwX2lkEDIyMjAzOTE3ODgyMDA4OTIAAR61mqFtIUGSGKcmB8z4tMgr81coPR9KKJ64c_F-B-gzjeES_EMwhTpRaw4_-Q_aem_DL0A5z8RYrtBshVMS__aCw\" target=\"_blank\" rel=\"nofollow noopener noreferrer\">https:\/\/wa.me\/<\/a><a class=\"x1i10hfl xjbqb8w x1ejq31n x18oe1m7 x1sy0etr xstzfhl x972fbf x10w94by x1qhh985 x14e42zd x9f619 x1ypdohk xt0psk2 x3ct3a4 xdj266r x14z9mp xat24cr x1lziwak xexx8yu xyri2b x18d9i69 x1c1uobl x16tdsg8 x1hl2dhg xggy1nq x1a2a7pz xkrqix3 x1sur9pj x1fey0fg x1s688f\" tabindex=\"0\" role=\"link\" href=\"https:\/\/wa.me\/83150102?fbclid=IwZXh0bgNhZW0CMTAAYnJpZBExcnF5bDFWNVlsRXVPQjZ5S3NydGMGYXBwX2lkEDIyMjAzOTE3ODgyMDA4OTIAAR61mqFtIUGSGKcmB8z4tMgr81coPR9KKJ64c_F-B-gzjeES_EMwhTpRaw4_-Q_aem_DL0A5z8RYrtBshVMS__aCw\" target=\"_blank\" rel=\"nofollow noopener noreferrer\">83150102<\/a><\/span><\/div>\n<div dir=\"auto\">Direcci\u00f3n: Mall Dorado local #25<\/div>\n<p>&nbsp;<\/p>\n<p>&nbsp;<\/p>\n<p>&nbsp;<\/p>\n<p>&nbsp;<\/p>\n<p>&nbsp;<\/p>\n<p>&nbsp;<\/p>\n<p>&nbsp;<\/p>\n<div class=\"x14z9mp xat24cr x1lziwak x1vvkbs xtlvy1s x126k92a\"><\/div>\n<div class=\"x14z9mp xat24cr x1lziwak x1vvkbs xtlvy1s x126k92a\">\n<div dir=\"auto\"><\/div>\n<\/div>\n","protected":false},"excerpt":{"rendered":"<p>\ud83d\udd39 Osteopat\u00eda y Fisioterapia en Rehabilitaci\u00f3nRecupere su bienestar y mejore su calidad de vida con tratamientos personalizados.Atendemos dolores musculares, lesiones deportivas, problemas de espalda, nervio ci\u00e1tico y rehabilitaci\u00f3n postquir\u00fargica. \ud83d\udcaa Atenci\u00f3n profesional y enfoque integral.\ud83d\udcc5 Agende su cita hoy mismo. Dra. Paola Picado Leit\u00f3n Oste\u00f3pata y Fisioterapeuta https:\/\/wa.me\/83150102 Direcci\u00f3n: Mall Dorado local #25 &nbsp; &nbsp; [&hellip;]<\/p>\n","protected":false},"author":1,"featured_media":0,"parent":0,"menu_order":0,"comment_status":"closed","ping_status":"closed","template":"","meta":{"_joinchat":[],"footnotes":""},"class_list":["post-12","page","type-page","status-publish","hentry"],"_links":{"self":[{"href":"https:\/\/fisiosteocr.com\/index.php\/wp-json\/wp\/v2\/pages\/12","targetHints":{"allow":["GET"]}}],"collection":[{"href":"https:\/\/fisiosteocr.com\/index.php\/wp-json\/wp\/v2\/pages"}],"about":[{"href":"https:\/\/fisiosteocr.com\/index.php\/wp-json\/wp\/v2\/types\/page"}],"author":[{"embeddable":true,"href":"https:\/\/fisiosteocr.com\/index.php\/wp-json\/wp\/v2\/users\/1"}],"replies":[{"embeddable":true,"href":"https:\/\/fisiosteocr.com\/index.php\/wp-json\/wp\/v2\/comments?post=12"}],"version-history":[{"count":8,"href":"https:\/\/fisiosteocr.com\/index.php\/wp-json\/wp\/v2\/pages\/12\/revisions"}],"predecessor-version":[{"id":151,"href":"https:\/\/fisiosteocr.com\/index.php\/wp-json\/wp\/v2\/pages\/12\/revisions\/151"}],"wp:attachment":[{"href":"https:\/\/fisiosteocr.com\/index.php\/wp-json\/wp\/v2\/media?parent=12"}],"curies":[{"name":"wp","href":"https:\/\/api.w.org\/{rel}","templated":true}]}}